{"id":6124,"date":"2022-04-07T16:33:09","date_gmt":"2022-04-07T14:33:09","guid":{"rendered":"http:\/\/www.esperanto.es\/fel\/?page_id=6124"},"modified":"2022-05-18T22:37:44","modified_gmt":"2022-05-18T20:37:44","slug":"legoklubo","status":"publish","type":"page","link":"https:\/\/fel.esperanto.es\/?page_id=6124","title":{"rendered":"Legoklubo"},"content":{"rendered":"<p>[et_pb_section fb_built=\u00bb1&#8243; _builder_version=\u00bb4.4.1&#8243; background_image=\u00bbhttp:\/\/www.esperanto.es\/fel\/wp-content\/uploads\/2022\/04\/libroj-difuso-2.jpg\u00bb custom_margin=\u00bb0px||57px|||\u00bb custom_padding=\u00bb0px|||||\u00bb][et_pb_row column_structure=\u00bb1_4,3_4&#8243; _builder_version=\u00bb4.4.1&#8243;][et_pb_column type=\u00bb1_4&#8243; _builder_version=\u00bb4.4.1&#8243;][et_pb_image src=\u00bbhttp:\/\/www.esperanto.es\/fel\/wp-content\/uploads\/2022\/04\/Laura_higuera1-scaled.jpg\u00bb _builder_version=\u00bb4.4.1&#8243; height=\u00bb210px\u00bb][\/et_pb_image][\/et_pb_column][et_pb_column type=\u00bb3_4&#8243; _builder_version=\u00bb4.4.1&#8243;][et_pb_text _builder_version=\u00bb4.4.1&#8243; custom_margin=\u00bb33px||||false|false\u00bb custom_padding=\u00bb||0px|||\u00bb]<\/p>\n<p style=\"text-align: justify;\"><span style=\"color: #000000;\"><strong><a href=\"https:\/\/es.wikipedia.org\/wiki\/Archivo:Laura_higuera(1).jpg\">Laura Higuera<\/a> naci\u00f3 en Cartagena. Todo apasionado de la lectura, como ella lo es, ha fantaseado alguna vez con ser escritor. Ella lo ha hecho realidad.: <a href=\"https:\/\/es.babelio.com\/livres\/Higuera-El-ngel-negro\/15466\">El \u00c1ngel Negro<\/a>. Se asom\u00f3 al Esperanto en 2020 y lo ha usado profusamente a lo largo de medio mundo adquiriendo en tan poco tiempo un dominio m\u00e1s que aceptable de esta lengua. Magn\u00edfica escritora, apasionada esperantista y mejor amiga no pudo rechazar la oferta que Fuenlabrada Esperanto-Ligo le hizo para que liderara este Club de Lectura. Ha sido para esta modesta asociaci\u00f3n un privilegio tenerla entre nosotros. \u00a1Gracias Laura!<\/strong><\/span><\/p>\n<p>[\/et_pb_text][\/et_pb_column][\/et_pb_row][et_pb_row disabled_on=\u00bboff|off|off\u00bb _builder_version=\u00bb4.4.1&#8243;][et_pb_column type=\u00bb4_4&#8243; _builder_version=\u00bb4.4.1&#8243;][et_pb_accordion open_toggle_background_color=\u00bb#ffffff\u00bb closed_toggle_background_color=\u00bb#e09900&#8243; icon_color=\u00bb#0c71c3&#8243; disabled_on=\u00bboff|off|off\u00bb _builder_version=\u00bb4.4.1&#8243; background_enable_color=\u00bboff\u00bb hover_enabled=\u00bb0&#8243;][et_pb_accordion_item title=\u00bbMis c\u00e1rceles- Mi gran suerte.\u00bb closed_toggle_text_color=\u00bb#000000&#8243; closed_toggle_background_color=\u00bb#e09900&#8243; _builder_version=\u00bb4.4.1&#8243; background_color=\u00bbrgba(172,186,158,0.92)\u00bb background_enable_color=\u00bbon\u00bb overflow-x_tablet=\u00bb\u00bb overflow-x_phone=\u00bb\u00bb overflow-x_last_edited=\u00bbon|phone\u00bb inline_fonts=\u00bbDorsa\u00bb toggle_text_align=\u00bbcenter\u00bb toggle_font_size=\u00bb21px\u00bb open=\u00bboff\u00bb]<\/p>\n<p>&nbsp;<\/p>\n<table height=\"60\" style=\"width: 969px;\">\n<tbody>\n<tr>\n<td style=\"width: 145px; text-align: center;\">\n<h1><span style=\"font-size: medium;\"><strong><span style=\"font-family: inherit;\"><span style=\"color: #ff0000;\">7 abril 2022<\/span><\/span><\/strong><\/span><\/h1>\n<\/td>\n<td style=\"width: 346px;\"><img loading=\"lazy\" decoding=\"async\" src=\"http:\/\/www.esperanto.es\/fel\/wp-content\/uploads\/2022\/04\/Legoklubo-aprilo22-200x300.jpg\" width=\"324\" height=\"484\" alt=\"\" class=\"wp-image-6136 alignnone size-medium\" \/><\/td>\n<td style=\"width: 319.917px; text-align: justify;\"><span style=\"color: #000000;\"><strong>Edici\u00f3n pluriling\u00fce de la obra \u00abBurget e mia &#8211; Fati im i madh\u00bb (Mis c\u00e1rceles &#8211; Mi gran suerte\u00bb) del pol\u00edtico cosovar, escritor y defensor de los derechos humanos <a href=\"https:\/\/es.wikipedia.org\/wiki\/Adem_Dema%C3%A7i\">Adem Dema\u00e7i<\/a><a href=\"https:\/\/es.wikipedia.org\/wiki\/Adem_Dema%C3%A7i\" style=\"color: #000000;\"><\/a>, traducida a un total de 34 idiomas, incluido el Esperanto.<\/strong><\/span><\/td>\n<td style=\"width: 125.083px;\"><\/td>\n<\/tr>\n<tr>\n<td style=\"width: 145px;\"><\/td>\n<td style=\"width: 346px;\"><img loading=\"lazy\" decoding=\"async\" src=\"http:\/\/www.esperanto.es\/fel\/wp-content\/uploads\/2022\/04\/Adem-Demacxi.jpg\" width=\"324\" height=\"182\" alt=\"\" class=\"wp-image-6223 alignnone size-full\" \/><\/td>\n<td style=\"width: 319.917px;\">\n<p style=\"text-align: justify;\"><span style=\"color: #000000;\"><strong>Otra obra de Adem Dema\u00e7i traducida al Esperanto:<\/strong><\/span><\/p>\n<p><strong>\u00ab<a href=\"https:\/\/www.ebooks.com\/en-es\/book\/209877314\/la-sangoven-aj-serpentoj\/adem-dema-i\/?_c=1\">La sangoven\u011daj serpentoj<\/a>\u00ab<\/strong><\/p>\n<\/td>\n<td style=\"width: 125.083px;\"><\/td>\n<\/tr>\n<\/tbody>\n<\/table>\n<p>&nbsp;<\/p>\n<table height=\"44\" style=\"width: 967.948px;\">\n<tbody>\n<tr>\n<td style=\"width: 44px;\"><span style=\"color: #000000;\"><strong>R<\/strong><\/span><\/td>\n<td style=\"width: 1294px;\"><span style=\"color: #000000;\"><strong>Eta teksto ne bone planita, skribita de la emocio, kies enhavo ne tute klaras kaj kies fundo \u015dajnas iom home dan\u011dera.<\/strong><\/span><\/td>\n<td style=\"width: 216.948px;\">\n<p style=\"text-align: right;\"><strong><span style=\"color: #000000;\">enhavo:<\/span><\/strong> <span style=\"color: #e00b00;\"><strong>2<\/strong><\/span><\/p>\n<p style=\"text-align: right;\"><span style=\"color: #000000;\"><strong>stilo:<\/strong><\/span> <span style=\"color: #e00b00;\"><strong>2<\/strong><\/span><\/p>\n<\/td>\n<\/tr>\n<\/tbody>\n<\/table>\n<table height=\"5\" style=\"width: 967.531px;\">\n<tbody>\n<tr>\n<td style=\"width: 25px;\"><span style=\"color: #000000;\"><strong>M<\/strong><\/span><\/td>\n<td style=\"width: 763px; text-align: justify;\"><span style=\"color: #000000;\"><strong>Iujn partojn mi ne bone komprenas, eble pro tio, ke la a\u016dtoro skribis \u011din por legontoj kulture proksimaj. Pri la cetero, mi prenas la ideon, ke indas kaj endas \u0109iam defendi la esprim-liberon.<\/strong><\/span><\/td>\n<td style=\"width: 148.531px; text-align: right;\">\n<p><span style=\"color: #000000;\"><strong>enhavo:<\/strong><\/span>\u00a0<span style=\"color: #ff0000;\"><b>3<\/b><\/span><\/p>\n<p><span style=\"color: #000000;\"><strong>stilo:<\/strong><\/span>\u00a0<span style=\"color: #ff0000;\"><b>3<\/b><\/span><\/p>\n<p><b><span style=\"color: #000000;\">traduko:<\/span> <span style=\"color: #ff0000;\">5<\/span><\/b><\/p>\n<\/td>\n<\/tr>\n<\/tbody>\n<\/table>\n<table height=\"32\" style=\"width: 967.99px;\">\n<tbody>\n<tr>\n<td style=\"width: 21px;\"><span style=\"color: #000000;\"><strong>K<\/strong><\/span><\/td>\n<td style=\"width: 769px; text-align: justify;\"><span style=\"color: #000000;\"><strong>Al homo \u0109iam vivanta libere estas malfacile imagi la teruran sperton supra\u0135e rakontatan de la verkisto. Tial, same malfacile estas konsenti pri liaj konkludoj. <\/strong><\/span><span style=\"color: #000000;\"><strong>Jung diris: \u00ab<em>\u015cuo konvenanta al iu, malkonvenas al alia. Viv-filozofio utila al \u0109iuj ne ekzistas.<\/em>\u00ab.<\/strong><\/span><\/td>\n<td style=\"width: 149.99px;\">\n<p style=\"text-align: right;\"><span style=\"color: #000000;\"><strong>enhavo:<\/strong>\u00a0<\/span><span style=\"color: #000000;\"><span color=\"#ff0000\" style=\"color: #ff0000;\"><b>2<\/b><\/span><\/span><\/p>\n<p style=\"text-align: right;\"><span style=\"color: #000000;\"><strong>stilo:<\/strong>\u00a0<\/span><span style=\"color: #000000;\"><span color=\"#ff0000\" style=\"color: #ff0000;\"><b>2<\/b><\/span><\/span><\/p>\n<p style=\"text-align: right;\"><span style=\"color: #000000;\"><b>traduko: <span style=\"color: #ff0000;\">5<\/span><\/b><\/span><\/p>\n<\/td>\n<\/tr>\n<\/tbody>\n<\/table>\n<table height=\"26\" style=\"width: 967px;\">\n<tbody>\n<tr>\n<td style=\"width: 20px;\"><span style=\"color: #000000;\"><strong>L<\/strong><\/span><\/td>\n<td style=\"width: 774px; text-align: justify;\"><span style=\"color: #000000;\"><strong>Tro mallonga rakonto, kiu bezonus pli da kunteksto. La\u016d mia opinio la a\u016dtoro perdi\u011das en la detaloj kaj neglektas kaj substancon kaj formon, almena\u016d en la Esperanta traduko: mi bezonus paroli la albanan por \u011duste taksi \u011din, kaj por scii \u0109u la traduko ne estas bona a\u016d \u0109u mankas al la rakonto elementoj, kiuj indikas bonan verkiston. La hispana traduko plibonigas la rakonton.\u00a0<\/strong><\/span><\/td>\n<td style=\"width: 151px;\">\n<p style=\"text-align: right;\"><span style=\"color: #000000;\"><strong>enhavo: <span style=\"color: #ff0000;\">3<\/span><\/strong><\/span><\/p>\n<p style=\"text-align: right;\"><span style=\"color: #000000;\"><strong>stilo: <span style=\"color: #ff0000;\">2<\/span><\/strong><\/span><\/p>\n<p style=\"text-align: right;\"><span style=\"color: #000000;\"><b>traduko: <span style=\"color: #ff0000;\">4<\/span><\/b><\/span><\/p>\n<\/td>\n<\/tr>\n<\/tbody>\n<\/table>\n<p>[\/et_pb_accordion_item][et_pb_accordion_item title=\u00bb%22Neniam plu (Aboco de amo)%22 y &#8230; %22Miraklo%22.\u00bb open=\u00bbon\u00bb open_toggle_text_color=\u00bb#000000&#8243; closed_toggle_background_color=\u00bb#e09900&#8243; _builder_version=\u00bb4.4.1&#8243; background_color=\u00bb#c88bda\u00bb background_enable_color=\u00bbon\u00bb text_orientation=\u00bbjustified\u00bb hover_enabled=\u00bb0&#8243; toggle_text_color=\u00bb#000000&#8243; toggle_level=\u00bbh5&#8243; toggle_text_align=\u00bbcenter\u00bb toggle_font_size=\u00bb20px\u00bb]<\/p>\n<p>&nbsp;<\/p>\n<table height=\"99\" style=\"width: 967px; margin-left: auto; margin-right: auto;\">\n<tbody>\n<tr>\n<td style=\"width: 163px; text-align: center;\"><strong><span style=\"color: #ff0000;\">7\u00a0 mayo 2022<\/span><\/strong><\/td>\n<td style=\"width: 198.938px;\">\n<p>&nbsp;<\/p>\n<p><img loading=\"lazy\" decoding=\"async\" src=\"http:\/\/www.esperanto.es\/fel\/wp-content\/uploads\/2022\/05\/2007-11-24_camacho-300x239.jpg\" width=\"159\" height=\"127\" alt=\"\" class=\"wp-image-6268 alignnone size-medium\" \/><\/p>\n<p>&nbsp;<\/p>\n<p>&nbsp;<\/p>\n<p>&nbsp;<\/p>\n<p>&nbsp;<\/p>\n<p><a href=\"http:\/\/www.esperanto.es\/fel\/wp-content\/uploads\/2022\/05\/verda-kaj-blanka-steloj.webp\"><img loading=\"lazy\" decoding=\"async\" src=\"http:\/\/www.esperanto.es\/fel\/wp-content\/uploads\/2022\/05\/verda-kaj-blanka-steloj-300x300.webp\" width=\"300\" height=\"300\" alt=\"\" class=\"wp-image-6302 alignnone size-medium\" srcset=\"https:\/\/fel.esperanto.es\/wp-content\/uploads\/2022\/05\/verda-kaj-blanka-steloj-300x300.webp 300w, https:\/\/fel.esperanto.es\/wp-content\/uploads\/2022\/05\/verda-kaj-blanka-steloj-150x150.webp 150w, https:\/\/fel.esperanto.es\/wp-content\/uploads\/2022\/05\/verda-kaj-blanka-steloj-768x768.webp 768w, https:\/\/fel.esperanto.es\/wp-content\/uploads\/2022\/05\/verda-kaj-blanka-steloj-980x980.webp 980w, https:\/\/fel.esperanto.es\/wp-content\/uploads\/2022\/05\/verda-kaj-blanka-steloj-480x480.webp 480w, https:\/\/fel.esperanto.es\/wp-content\/uploads\/2022\/05\/verda-kaj-blanka-steloj.webp 1024w\" sizes=\"(max-width: 300px) 100vw, 300px\" \/><\/a><\/p>\n<p>&nbsp;<\/p>\n<p>&nbsp;<\/p>\n<p>&nbsp;<\/p>\n<p><img loading=\"lazy\" decoding=\"async\" src=\"http:\/\/www.esperanto.es\/fel\/wp-content\/uploads\/2022\/05\/Palestino-strangolata-195x300.jpg\" width=\"184\" height=\"283\" alt=\"\" class=\"wp-image-6282 alignnone size-medium\" srcset=\"https:\/\/fel.esperanto.es\/wp-content\/uploads\/2022\/05\/Palestino-strangolata-195x300.jpg 195w, https:\/\/fel.esperanto.es\/wp-content\/uploads\/2022\/05\/Palestino-strangolata.jpg 324w\" sizes=\"(max-width: 184px) 100vw, 184px\" \/><\/p>\n<\/td>\n<td style=\"width: 478.062px; text-align: justify;\">\n<p><span style=\"color: #000000;\"><strong>Bienvenidos a la segunda edici\u00f3n del Legoklubo de F.E.L.<\/strong><\/span><\/p>\n<p><span style=\"color: #000000;\"><strong>Cuando este club de lectura fue inaugurado el mes pasado record\u00e9 las palabras de Vargas Llosa: \u00ab<em>Aprender a leer es el suceso m\u00e1s importante que ha tenido lugar en mi vida<\/em>\u00ab. Ahora, con m\u00e1s motivos y un poco m\u00e1s de experiencia puedo a\u00f1adir que leer en Esperanto supone algo m\u00e1s profundo. Tener la sensaci\u00f3n de poder crear, leer y debatir en un idioma que hemos decidido aprender por propia voluntad, sin intereses materiales de por medio, acerca el coraz\u00f3n a una tierra que no pertenece a nadie, pero la cual, m\u00e1gicamente, termina siendo la patria de todos nosotros. Si tuviera que resumir mi opini\u00f3n sobre la reuni\u00f3n inaugural de este club de lectura usando\u00a0 solo una frase, esta ser\u00eda que, tener personas como vosotros en mi vida es un privilegio.<\/strong><\/span><\/p>\n<p><span style=\"color: #000000;\"><strong>El mundo del Esperanto, m\u00e1s que peque\u00f1o (pues eso podr\u00eda parecer algo negativo, y no lo es en absoluto) se asemeja a un universo familiar: un lugar cubierto por cientos de miles de estrellas verdes, no m\u00e1s, que de vez en cuando se aproximan unas a las otras, porque en el fondo, son todas muy parecidas. Y a trav\u00e9s de esta familia y de este viaje esperantista, una se acostumbra a caras y a nombres que se repiten y en torno a los cuales surge el debate, a fuerza de levantar pasiones y suscitar opiniones diversas. Con algo de tiempo y de experiencia se aprende a conocer el motivo.<\/strong><\/span><\/p>\n<p><span style=\"color: #000000;\"><strong>Uno de esos nombres, de esos hombres, es Jorge Camacho, novelista y poeta en castellano, pero principalmente en Esperanto. Tuve la suerte de conocerle el pasado verano. Jorge es una persona pr\u00f3xima y siempre dispuesta al juego de palabras, uno de los creadores de paisajes mentales en forma de narraciones y poemas y uno de los autores m\u00e1s c\u00e9lebres en la lengua de Zamenhof. En su poemario \u00abP<em>alestino strangolata<\/em>\u00ab, Camacho (Zafra, 1966) escribe, dejando aparte el exceso de ret\u00f3rica sobre cuestiones como la falta de moralidad, (algo que sin duda se le agradece), acerca de temas como el antisemitismo, no cayendo en la sensibler\u00eda rancia del que pretende hacer m\u00e1s ruido a golpe de descripciones. Eso es m\u00e1s que suficiente para que yo decidiera aproximarme a la obra de Jorge: con el paso del tiempo he podido comprobar que la poes\u00eda, cuanto m\u00e1s desprovista de ornamento y aderezos, tanto mejor.<\/strong><\/span><\/p>\n<p><span style=\"color: #000000;\"><strong>\u00a0<\/strong><\/span><\/p>\n<p><span style=\"color: #000000;\"><strong>\u00a0<\/strong><\/span><\/p>\n<\/td>\n<td style=\"width: 93px;\"><\/td>\n<\/tr>\n<tr>\n<td style=\"width: 163px;\"><\/td>\n<td style=\"width: 198.938px;\"><\/td>\n<td style=\"width: 478.062px;\"><\/td>\n<td style=\"width: 93px;\"><\/td>\n<\/tr>\n<\/tbody>\n<\/table>\n<p>&nbsp;<\/p>\n<p>[\/et_pb_accordion_item][\/et_pb_accordion][\/et_pb_column][\/et_pb_row][\/et_pb_section]<\/p>\n<div style='text-align:center' class='yasr-auto-insert-visitor'><\/div>","protected":false},"excerpt":{"rendered":"<p>[et_pb_section fb_built=\u00bb1&#8243; _builder_version=\u00bb4.4.1&#8243; background_image=\u00bbhttp:\/\/www.esperanto.es\/fel\/wp-content\/uploads\/2022\/04\/libroj-difuso-2.jpg\u00bb custom_margin=\u00bb0px||57px|||\u00bb custom_padding=\u00bb0px|||||\u00bb][et_pb_row column_structure=\u00bb1_4,3_4&#8243; _builder_version=\u00bb4.4.1&#8243;][et_pb_column type=\u00bb1_4&#8243; _builder_version=\u00bb4.4.1&#8243;][et_pb_image src=\u00bbhttp:\/\/www.esperanto.es\/fel\/wp-content\/uploads\/2022\/04\/Laura_higuera1-scaled.jpg\u00bb _builder_version=\u00bb4.4.1&#8243; height=\u00bb210px\u00bb][\/et_pb_image][\/et_pb_column][et_pb_column type=\u00bb3_4&#8243; _builder_version=\u00bb4.4.1&#8243;][et_pb_text _builder_version=\u00bb4.4.1&#8243; custom_margin=\u00bb33px||||false|false\u00bb custom_padding=\u00bb||0px|||\u00bb] Laura Higuera naci\u00f3 en Cartagena. Todo apasionado de la lectura, como ella lo es, ha fantaseado alguna vez con ser escritor. Ella lo ha hecho realidad.: El \u00c1ngel Negro. Se asom\u00f3 al Esperanto en 2020 y lo [&hellip;]<\/p>\n","protected":false},"author":1,"featured_media":0,"parent":0,"menu_order":0,"comment_status":"closed","ping_status":"closed","template":"","meta":{"_et_pb_use_builder":"on","_et_pb_old_content":"","_et_gb_content_width":"","yasr_overall_rating":0,"yasr_post_is_review":"","yasr_auto_insert_disabled":"","yasr_review_type":"","footnotes":""},"yasr_visitor_votes":{"stars_attributes":{"read_only":false,"span_bottom":false},"number_of_votes":0,"sum_votes":0},"_links":{"self":[{"href":"https:\/\/fel.esperanto.es\/index.php?rest_route=\/wp\/v2\/pages\/6124"}],"collection":[{"href":"https:\/\/fel.esperanto.es\/index.php?rest_route=\/wp\/v2\/pages"}],"about":[{"href":"https:\/\/fel.esperanto.es\/index.php?rest_route=\/wp\/v2\/types\/page"}],"author":[{"embeddable":true,"href":"https:\/\/fel.esperanto.es\/index.php?rest_route=\/wp\/v2\/users\/1"}],"replies":[{"embeddable":true,"href":"https:\/\/fel.esperanto.es\/index.php?rest_route=%2Fwp%2Fv2%2Fcomments&post=6124"}],"version-history":[{"count":96,"href":"https:\/\/fel.esperanto.es\/index.php?rest_route=\/wp\/v2\/pages\/6124\/revisions"}],"predecessor-version":[{"id":6304,"href":"https:\/\/fel.esperanto.es\/index.php?rest_route=\/wp\/v2\/pages\/6124\/revisions\/6304"}],"wp:attachment":[{"href":"https:\/\/fel.esperanto.es\/index.php?rest_route=%2Fwp%2Fv2%2Fmedia&parent=6124"}],"curies":[{"name":"wp","href":"https:\/\/api.w.org\/{rel}","templated":true}]}}