{"id":5820,"date":"2021-11-05T18:53:47","date_gmt":"2021-11-05T17:53:47","guid":{"rendered":"http:\/\/www.esperanto.es\/fel\/?page_id=5820"},"modified":"2021-11-05T20:01:02","modified_gmt":"2021-11-05T19:01:02","slug":"curso-presencial","status":"publish","type":"page","link":"https:\/\/fel.esperanto.es\/?page_id=5820","title":{"rendered":"Curso Presencial"},"content":{"rendered":"<p>[et_pb_section fb_built=\u00bb1&#8243; inner_shadow=\u00bbon\u00bb fullwidth=\u00bbon\u00bb _builder_version=\u00bb3.22&#8243; background_color=\u00bb#2ea3f2&#8243; use_background_color_gradient=\u00bbon\u00bb background_color_gradient_start=\u00bb#2ea3f2&#8243; background_color_gradient_end=\u00bb#2e6df4&#8243; background_color_gradient_direction=\u00bb330deg\u00bb][et_pb_fullwidth_header title=\u00bbCURSO PRESENCIAL 2022&#8243; content_max_width=\u00bbnone\u00bb _builder_version=\u00bb4.4.1&#8243; title_text_align=\u00bbcenter\u00bb background_color=\u00bb#12876f\u00bb custom_padding=\u00bb14px||3px|||\u00bb button_one_text_size__hover_enabled=\u00bboff\u00bb button_two_text_size__hover_enabled=\u00bboff\u00bb button_one_text_color__hover_enabled=\u00bboff\u00bb button_two_text_color__hover_enabled=\u00bboff\u00bb button_one_border_width__hover_enabled=\u00bboff\u00bb button_two_border_width__hover_enabled=\u00bboff\u00bb button_one_border_color__hover_enabled=\u00bboff\u00bb button_two_border_color__hover_enabled=\u00bboff\u00bb button_one_border_radius__hover_enabled=\u00bboff\u00bb button_two_border_radius__hover_enabled=\u00bboff\u00bb button_one_letter_spacing__hover_enabled=\u00bboff\u00bb button_two_letter_spacing__hover_enabled=\u00bboff\u00bb button_one_bg_color__hover_enabled=\u00bboff\u00bb button_two_bg_color__hover_enabled=\u00bboff\u00bb][\/et_pb_fullwidth_header][\/et_pb_section][et_pb_section fb_built=\u00bb1&#8243; _builder_version=\u00bb4.4.1&#8243; custom_padding=\u00bb2px||3px|||\u00bb][et_pb_row column_structure=\u00bb1_2,1_2&#8243; _builder_version=\u00bb4.4.1&#8243; custom_padding=\u00bb||6px|||\u00bb][et_pb_column type=\u00bb1_2&#8243; _builder_version=\u00bb4.4.1&#8243;][et_pb_image src=\u00bbhttp:\/\/www.esperanto.es\/fel\/wp-content\/uploads\/2021\/11\/NO-ESTUDIES-ESPERANTO-RECORTADO.png\u00bb _builder_version=\u00bb4.4.1&#8243;][\/et_pb_image][et_pb_text _builder_version=\u00bb4.4.1&#8243; hover_enabled=\u00bb0&#8243;]<\/p>\n<p><span style=\"color: #008000;\"><strong>&#8230;pero si no nos quieres hacer caso y te empe\u00f1as en aprenderlo, sigue leyendo&#8230;<\/strong><\/span><\/p>\n<p>[\/et_pb_text][\/et_pb_column][et_pb_column type=\u00bb1_2&#8243; _builder_version=\u00bb4.4.1&#8243;][et_pb_text _builder_version=\u00bb4.4.1&#8243; text_font=\u00bb|700|||||||\u00bb text_text_color=\u00bb#3874ff\u00bb header_font=\u00bb|700|||||||\u00bb header_text_color=\u00bb#3874ff\u00bb custom_margin=\u00bb||42px|||\u00bb text_text_shadow_style=\u00bbpreset1&#8243;]<\/p>\n<h3 style=\"text-align: center;\"><span color=\"#ff0000\" style=\"color: #ff0000;\">\u00bfPor qu\u00e9?<\/span><\/h3>\n<p>[\/et_pb_text][et_pb_text _builder_version=\u00bb4.4.1&#8243; background_color=\u00bb#ffffff\u00bb]<\/p>\n<p style=\"text-align: justify;\"><strong>Porque te gusta la gente. Tus dudas ser\u00e1n las de tus compa\u00f1eros, tu esfuerzo se sumar\u00e1 al de ellos y juntos llegareis con \u00e9xito al final.<\/strong><\/p>\n<p>[\/et_pb_text][et_pb_text _builder_version=\u00bb4.4.1&#8243; text_font=\u00bb|700|||||||\u00bb text_text_color=\u00bb#3874ff\u00bb header_font=\u00bb|700|||||||\u00bb header_text_color=\u00bb#3874ff\u00bb custom_margin=\u00bb||42px|||\u00bb text_text_shadow_style=\u00bbpreset1&#8243;]<\/p>\n<h3 style=\"text-align: center;\"><span color=\"#ff0000\" style=\"color: #ff0000;\">\u00bfCu\u00e1ndo?<\/span><\/h3>\n<p>[\/et_pb_text][et_pb_text _builder_version=\u00bb4.4.1&#8243;]<\/p>\n<p><strong>Desde enero hasta junio del 2022.<\/strong><\/p>\n<p>[\/et_pb_text][et_pb_text _builder_version=\u00bb4.4.1&#8243; text_font=\u00bb|700|||||||\u00bb text_text_color=\u00bb#3874ff\u00bb header_font=\u00bb|700|||||||\u00bb header_text_color=\u00bb#3874ff\u00bb custom_margin=\u00bb||42px|||\u00bb text_text_shadow_style=\u00bbpreset1&#8243;]<\/p>\n<h3 style=\"text-align: center;\"><span color=\"#ff0000\" style=\"color: #ff0000;\">\u00bfD\u00f3nde?<\/span><\/h3>\n<p>[\/et_pb_text][et_pb_text _builder_version=\u00bb4.4.1&#8243;]<\/p>\n<p><strong>Edificio anexo al Centro de Ense\u00f1anza Para Adultos (C.E.P.A.) \u00abPaulo Freire\u00bb.<\/strong><\/p>\n<p><strong>calle Creta 2, Fuenlabrada (Madrid)<\/strong><\/p>\n<p>[\/et_pb_text][et_pb_text _builder_version=\u00bb4.4.1&#8243; text_font=\u00bb|700|||||||\u00bb text_text_color=\u00bb#3874ff\u00bb header_font=\u00bb|700|||||||\u00bb header_text_color=\u00bb#3874ff\u00bb custom_margin=\u00bb||42px|||\u00bb text_text_shadow_style=\u00bbpreset1&#8243;]<\/p>\n<h3 style=\"text-align: center;\"><span color=\"#ff0000\" style=\"color: #ff0000;\">\u00bfC\u00f3mo?<\/span><\/h3>\n<p>[\/et_pb_text][et_pb_text _builder_version=\u00bb4.4.1&#8243;]<\/p>\n<p style=\"text-align: justify;\"><strong>De una forma progresiva, comenzando desde cero y presciendiendo de engorrosos t\u00e9rminos gram\u00e1ticales. Hablar\u00e1s en Esperanto desde el primer minuto.<\/strong><\/p>\n<p>[\/et_pb_text][et_pb_text _builder_version=\u00bb4.4.1&#8243; text_font=\u00bb|700|||||||\u00bb text_text_color=\u00bb#3874ff\u00bb header_font=\u00bb|700|||||||\u00bb header_text_color=\u00bb#3874ff\u00bb custom_margin=\u00bb||42px|||\u00bb text_text_shadow_style=\u00bbpreset1&#8243;]<\/p>\n<h3 style=\"text-align: center;\"><span color=\"#ff0000\" style=\"color: #ff0000;\">\u00bfCu\u00e1nto?<\/span><\/h3>\n<p>[\/et_pb_text][et_pb_text _builder_version=\u00bb4.4.1&#8243;]<\/p>\n<p><strong>33\u20ac (clases + libro \u00abEsperanto per rekta metodo\u00bb de Stano Marcek).<\/strong><\/p>\n<p>[\/et_pb_text][\/et_pb_column][\/et_pb_row][\/et_pb_section]<\/p>\n<div style='text-align:center' class='yasr-auto-insert-visitor'><\/div>","protected":false},"excerpt":{"rendered":"<p>[et_pb_section fb_built=\u00bb1&#8243; inner_shadow=\u00bbon\u00bb fullwidth=\u00bbon\u00bb _builder_version=\u00bb3.22&#8243; background_color=\u00bb#2ea3f2&#8243; use_background_color_gradient=\u00bbon\u00bb background_color_gradient_start=\u00bb#2ea3f2&#8243; background_color_gradient_end=\u00bb#2e6df4&#8243; background_color_gradient_direction=\u00bb330deg\u00bb][et_pb_fullwidth_header title=\u00bbCURSO PRESENCIAL 2022&#8243; content_max_width=\u00bbnone\u00bb _builder_version=\u00bb4.4.1&#8243; title_text_align=\u00bbcenter\u00bb background_color=\u00bb#12876f\u00bb custom_padding=\u00bb14px||3px|||\u00bb button_one_text_size__hover_enabled=\u00bboff\u00bb button_two_text_size__hover_enabled=\u00bboff\u00bb button_one_text_color__hover_enabled=\u00bboff\u00bb button_two_text_color__hover_enabled=\u00bboff\u00bb button_one_border_width__hover_enabled=\u00bboff\u00bb button_two_border_width__hover_enabled=\u00bboff\u00bb button_one_border_color__hover_enabled=\u00bboff\u00bb button_two_border_color__hover_enabled=\u00bboff\u00bb button_one_border_radius__hover_enabled=\u00bboff\u00bb button_two_border_radius__hover_enabled=\u00bboff\u00bb button_one_letter_spacing__hover_enabled=\u00bboff\u00bb button_two_letter_spacing__hover_enabled=\u00bboff\u00bb button_one_bg_color__hover_enabled=\u00bboff\u00bb button_two_bg_color__hover_enabled=\u00bboff\u00bb][\/et_pb_fullwidth_header][\/et_pb_section][et_pb_section fb_built=\u00bb1&#8243; _builder_version=\u00bb4.4.1&#8243; custom_padding=\u00bb2px||3px|||\u00bb][et_pb_row column_structure=\u00bb1_2,1_2&#8243; _builder_version=\u00bb4.4.1&#8243; custom_padding=\u00bb||6px|||\u00bb][et_pb_column type=\u00bb1_2&#8243; _builder_version=\u00bb4.4.1&#8243;][et_pb_image src=\u00bbhttp:\/\/www.esperanto.es\/fel\/wp-content\/uploads\/2021\/11\/NO-ESTUDIES-ESPERANTO-RECORTADO.png\u00bb _builder_version=\u00bb4.4.1&#8243;][\/et_pb_image][et_pb_text _builder_version=\u00bb4.4.1&#8243; hover_enabled=\u00bb0&#8243;] &#8230;pero si no nos quieres hacer caso y te empe\u00f1as en [&hellip;]<\/p>\n","protected":false},"author":1,"featured_media":0,"parent":0,"menu_order":0,"comment_status":"closed","ping_status":"closed","template":"","meta":{"_et_pb_use_builder":"on","_et_pb_old_content":"","_et_gb_content_width":"","yasr_overall_rating":0,"yasr_post_is_review":"","yasr_auto_insert_disabled":"","yasr_review_type":"","footnotes":""},"yasr_visitor_votes":{"stars_attributes":{"read_only":false,"span_bottom":false},"number_of_votes":0,"sum_votes":0},"_links":{"self":[{"href":"https:\/\/fel.esperanto.es\/index.php?rest_route=\/wp\/v2\/pages\/5820"}],"collection":[{"href":"https:\/\/fel.esperanto.es\/index.php?rest_route=\/wp\/v2\/pages"}],"about":[{"href":"https:\/\/fel.esperanto.es\/index.php?rest_route=\/wp\/v2\/types\/page"}],"author":[{"embeddable":true,"href":"https:\/\/fel.esperanto.es\/index.php?rest_route=\/wp\/v2\/users\/1"}],"replies":[{"embeddable":true,"href":"https:\/\/fel.esperanto.es\/index.php?rest_route=%2Fwp%2Fv2%2Fcomments&post=5820"}],"version-history":[{"count":11,"href":"https:\/\/fel.esperanto.es\/index.php?rest_route=\/wp\/v2\/pages\/5820\/revisions"}],"predecessor-version":[{"id":5837,"href":"https:\/\/fel.esperanto.es\/index.php?rest_route=\/wp\/v2\/pages\/5820\/revisions\/5837"}],"wp:attachment":[{"href":"https:\/\/fel.esperanto.es\/index.php?rest_route=%2Fwp%2Fv2%2Fmedia&parent=5820"}],"curies":[{"name":"wp","href":"https:\/\/api.w.org\/{rel}","templated":true}]}}