{"id":139,"date":"2019-01-26T21:11:04","date_gmt":"2019-01-26T20:11:04","guid":{"rendered":"http:\/\/www.esperanto.es\/fel\/?page_id=139"},"modified":"2021-11-09T10:24:42","modified_gmt":"2021-11-09T09:24:42","slug":"pagina-principal","status":"publish","type":"page","link":"https:\/\/fel.esperanto.es\/","title":{"rendered":"P\u00e1gina Principal"},"content":{"rendered":"<p>[et_pb_section fb_built=\u00bb1&#8243; fullwidth=\u00bbon\u00bb _builder_version=\u00bb4.4.1&#8243; background_image=\u00bbhttp:\/\/www.esperanto.es\/fel\/wp-content\/uploads\/2020\/03\/nodos-de-comunicaci\u00f3n.jpg\u00bb parallax=\u00bbon\u00bb][et_pb_fullwidth_header title=\u00bbESPERANTO\u00bb subhead=\u00bbhagamos f\u00e1cil la comunicaci\u00f3n internacional\u00bb text_orientation=\u00bbcenter\u00bb _builder_version=\u00bb4.4.1&#8243; title_text_align=\u00bbcenter\u00bb title_font_size=\u00bb54px\u00bb subhead_text_align=\u00bbcenter\u00bb background_enable_color=\u00bboff\u00bb min_height=\u00bb473px\u00bb custom_padding=\u00bb176px||||false|false\u00bb][\/et_pb_fullwidth_header][\/et_pb_section][et_pb_section fb_built=\u00bb1&#8243; custom_padding_last_edited=\u00bbon|desktop\u00bb admin_label=\u00bbHeader\u00bb _builder_version=\u00bb3.22&#8243; background_image=\u00bbhttp:\/\/www.esperanto.es\/fel\/wp-content\/uploads\/2019\/01\/Imagen-Cabecera.png\u00bb background_size=\u00bbcontain\u00bb background_position=\u00bbtop_right\u00bb custom_margin=\u00bb-1px|||||\u00bb custom_padding=\u00bb0px||0||false|false\u00bb custom_padding_tablet=\u00bb140px|0px|50px|0px|false|false\u00bb custom_padding_phone=\u00bb120px|||\u00bb][et_pb_row _builder_version=\u00bb4.4.1&#8243; width=\u00bb28%\u00bb width_tablet=\u00bb\u00bb width_phone=\u00bb43%\u00bb width_last_edited=\u00bbon|phone\u00bb max_width_tablet=\u00bb\u00bb max_width_phone=\u00bb\u00bb max_width_last_edited=\u00bbon|phone\u00bb height_tablet=\u00bb\u00bb height_phone=\u00bb\u00bb height_last_edited=\u00bbon|phone\u00bb custom_margin=\u00bb|||129px|false|false\u00bb][et_pb_column type=\u00bb4_4&#8243; _builder_version=\u00bb4.4.1&#8243;][et_pb_image src=\u00bbhttp:\/\/www.esperanto.es\/fel\/wp-content\/uploads\/2020\/05\/colash-banderas.jpg\u00bb _builder_version=\u00bb4.4.1&#8243;][\/et_pb_image][\/et_pb_column][\/et_pb_row][et_pb_row column_structure=\u00bb1_2,1_2&#8243; _builder_version=\u00bb4.4.1&#8243; width_tablet=\u00bb\u00bb width_phone=\u00bb\u00bb width_last_edited=\u00bbon|phone\u00bb max_width=\u00bb2661px\u00bb use_custom_width=\u00bbon\u00bb custom_width_px=\u00bb2600px\u00bb][et_pb_column type=\u00bb1_2&#8243; _builder_version=\u00bb3.25&#8243; custom_padding=\u00bb|||\u00bb custom_padding__hover=\u00bb|||\u00bb][et_pb_text _builder_version=\u00bb4.4.1&#8243; text_font=\u00bb||||||||\u00bb custom_margin=\u00bb|112px||||\u00bb hover_enabled=\u00bb0&#8243;]<\/p>\n<h4 style=\"text-align: justify;\">La ciudad de Fuenlabrada cuenta con un punto de referencia en la Comunidad de Madrid en donde compartiremos con todos nuestra ilusi\u00f3n por este proyecto mundial.<\/h4>\n<p>[\/et_pb_text][\/et_pb_column][et_pb_column type=\u00bb1_2&#8243; _builder_version=\u00bb3.25&#8243; custom_padding=\u00bb|||\u00bb custom_padding__hover=\u00bb|||\u00bb][\/et_pb_column][\/et_pb_row][et_pb_row column_structure=\u00bb1_3,1_3,1_3&#8243; _builder_version=\u00bb4.4.1&#8243; custom_margin=\u00bb||||false|false\u00bb][et_pb_column type=\u00bb1_3&#8243; _builder_version=\u00bb4.4.1&#8243; custom_padding=\u00bb16px||||false|false\u00bb custom_padding__hover=\u00bb|||\u00bb][et_pb_image src=\u00bbhttp:\/\/www.esperanto.es\/fel\/wp-content\/uploads\/2020\/03\/curso-Eo-puzzle-1.jpg\u00bb force_fullwidth=\u00bbon\u00bb align_tablet=\u00bbcenter\u00bb align_phone=\u00bb\u00bb align_last_edited=\u00bbon|desktop\u00bb _builder_version=\u00bb4.4.1&#8243; custom_margin=\u00bb|15px||\u00bb][\/et_pb_image][\/et_pb_column][et_pb_column type=\u00bb1_3&#8243; _builder_version=\u00bb4.4.1&#8243; custom_padding=\u00bb0px|0px||0px|false|false\u00bb custom_padding__hover=\u00bb|||\u00bb][et_pb_text _builder_version=\u00bb4.4.1&#8243; text_orientation=\u00bbjustified\u00bb custom_margin=\u00bb48px|0px|||false|false\u00bb custom_padding=\u00bb|0px||0px|false|false\u00bb]<\/p>\n<h4 style=\"text-align: justify;\">Una\u00a0<strong>lengua auxiliar internacional neutral <\/strong>romper\u00eda las fronteras entre las culturas, posibilitando una comunicaci\u00f3n en un plano de justicia e igualdad ling\u00fc\u00edstica.<\/h4>\n<p>[\/et_pb_text][\/et_pb_column][et_pb_column type=\u00bb1_3&#8243; _builder_version=\u00bb4.4.1&#8243; custom_padding=\u00bb0px|0px||0px|false|false\u00bb custom_padding__hover=\u00bb|||\u00bb][\/et_pb_column][\/et_pb_row][et_pb_row _builder_version=\u00bb4.4.1&#8243; custom_padding=\u00bb||1px|||\u00bb][et_pb_column type=\u00bb4_4&#8243; _builder_version=\u00bb4.4.1&#8243;][et_pb_divider _builder_version=\u00bb4.4.1&#8243;][\/et_pb_divider][\/et_pb_column][\/et_pb_row][et_pb_row _builder_version=\u00bb4.4.1&#8243; min_height=\u00bb91px\u00bb custom_padding=\u00bb22px||0px||false|false\u00bb][et_pb_column type=\u00bb4_4&#8243; _builder_version=\u00bb3.25&#8243; custom_padding=\u00bb|||\u00bb custom_padding__hover=\u00bb|||\u00bb][et_pb_text _builder_version=\u00bb4.4.1&#8243; text_font=\u00bbGabriela||||||||\u00bb text_text_shadow_style=\u00bbpreset2&#8243;]<\/p>\n<h1 style=\"text-align: center;\">Pr\u00f3ximas actividades<\/h1>\n<p>[\/et_pb_text][\/et_pb_column][\/et_pb_row][et_pb_row column_structure=\u00bb1_3,1_3,1_3&#8243; custom_padding_last_edited=\u00bbon|phone\u00bb _builder_version=\u00bb4.4.1&#8243; background_color=\u00bb#e2d4c0&#8243; max_width=\u00bb1280px\u00bb custom_padding=\u00bb16px|63px|16px|40px|true|false\u00bb custom_padding_tablet=\u00bb\u00bb custom_padding_phone=\u00bb|20px||20px||true\u00bb animation_style=\u00bbzoom\u00bb animation_intensity_zoom=\u00bb2%\u00bb border_radii=\u00bbon|12px|12px|12px|12px\u00bb box_shadow_style=\u00bbpreset1&#8243; box_shadow_vertical=\u00bb50px\u00bb box_shadow_blur=\u00bb80px\u00bb box_shadow_color=\u00bbrgba(15,19,25,0.1)\u00bb use_custom_width=\u00bbon\u00bb custom_width_px=\u00bb1280px\u00bb][et_pb_column type=\u00bb1_3&#8243; _builder_version=\u00bb3.25&#8243; custom_padding=\u00bb|||\u00bb custom_padding__hover=\u00bb|||\u00bb][et_pb_image src=\u00bbhttp:\/\/www.esperanto.es\/fel\/wp-content\/uploads\/2020\/03\/curso-Eo-clase-e1584962893457.jpg\u00bb align=\u00bbcenter\u00bb _builder_version=\u00bb4.4.1&#8243; custom_margin=\u00bb41px||||false|false\u00bb][\/et_pb_image][et_pb_text _builder_version=\u00bb4.4.1&#8243; text_font=\u00bbGabriela||||||||\u00bb text_orientation=\u00bbcenter\u00bb width=\u00bb100%\u00bb max_width=\u00bb100%\u00bb custom_margin=\u00bb||36px|||\u00bb custom_padding=\u00bb0px||1px|||\u00bb]<\/p>\n<h3><\/h3>\n<h3><strong>Cursos presenciales<\/strong><\/h3>\n<p><span style=\"font-size: 14px;\"><strong><span style=\"text-align: justify;\">En diferentes niveles.<\/span><\/strong><\/span><\/p>\n<p><span style=\"font-size: 14px; text-align: justify;\"><\/span><\/p>\n<p>[\/et_pb_text][et_pb_image src=\u00bbhttp:\/\/www.esperanto.es\/fel\/wp-content\/uploads\/2020\/03\/juego-1.jpg\u00bb align=\u00bbcenter\u00bb disabled_on=\u00bboff|on|off\u00bb _builder_version=\u00bb4.4.1&#8243; max_height=\u00bb166px\u00bb][\/et_pb_image][et_pb_text _builder_version=\u00bb4.4.1&#8243; text_font=\u00bbGabriela||||||||\u00bb]<\/p>\n<h3 style=\"text-align: center;\"><strong>Juegos de Mesa<\/strong><\/h3>\n<p style=\"text-align: justify;\"><strong>Si eres aficionado a los juegos de mesa podr\u00e1s pasar una divertida tarde jugando y practicando el idioma.<\/strong><\/p>\n<p>[\/et_pb_text][\/et_pb_column][et_pb_column type=\u00bb1_3&#8243; _builder_version=\u00bb3.25&#8243; custom_padding=\u00bb|||\u00bb custom_padding__hover=\u00bb|||\u00bb][et_pb_image src=\u00bbhttp:\/\/www.esperanto.es\/fel\/wp-content\/uploads\/2020\/03\/conferencia-1.jpg\u00bb force_fullwidth=\u00bbon\u00bb align_tablet=\u00bbcenter\u00bb align_phone=\u00bb\u00bb align_last_edited=\u00bbon|desktop\u00bb _builder_version=\u00bb4.4.1&#8243; custom_margin=\u00bb39px||||false|false\u00bb][\/et_pb_image][et_pb_text _builder_version=\u00bb4.4.1&#8243;]<\/p>\n<h3 style=\"text-align: justify;\"><\/h3>\n<h3 style=\"text-align: center;\"><strong>Charlas<\/strong><\/h3>\n<p style=\"text-align: justify;\"><span style=\"font-size: 14px;\"><strong>Sobre temas diversos, tanto en espa\u00f1ol como en Esperanto.<\/strong><\/span><\/p>\n<p>[\/et_pb_text][et_pb_image src=\u00bbhttp:\/\/www.esperanto.es\/fel\/wp-content\/uploads\/2019\/02\/Esperanto-Fuenlabra-Ligo-Cine-Peque\u00f1o.jpg\u00bb align_tablet=\u00bbcenter\u00bb align_phone=\u00bb\u00bb align_last_edited=\u00bbon|desktop\u00bb _builder_version=\u00bb3.23&#8243; max_width=\u00bb93%\u00bb locked=\u00bboff\u00bb][\/et_pb_image][et_pb_text _builder_version=\u00bb4.4.1&#8243; text_font=\u00bbGabriela||||||||\u00bb]<\/p>\n<h3 style=\"text-align: center;\"><strong>Cine<\/strong><\/h3>\n<p style=\"text-align: justify;\"><strong>Disfruta de una pel\u00edcula en versi\u00f3n original, subtitulada en Esperanto.<\/strong><\/p>\n<p>[\/et_pb_text][et_pb_image align_tablet=\u00bbcenter\u00bb align_phone=\u00bb\u00bb align_last_edited=\u00bbon|desktop\u00bb _builder_version=\u00bb4.4.1&#8243; max_width=\u00bb93%\u00bb locked=\u00bboff\u00bb][\/et_pb_image][et_pb_image src=\u00bbhttp:\/\/www.esperanto.es\/fel\/wp-content\/uploads\/2020\/03\/blog.png\u00bb align=\u00bbcenter\u00bb align_tablet=\u00bbcenter\u00bb align_phone=\u00bb\u00bb align_last_edited=\u00bbon|desktop\u00bb _builder_version=\u00bb4.4.1&#8243;][\/et_pb_image][et_pb_text _builder_version=\u00bb4.4.1&#8243; text_font=\u00bbGabriela||||||||\u00bb]<\/p>\n<h3 style=\"text-align: center;\"><strong>Blog<\/strong><\/h3>\n<p style=\"text-align: justify;\"><strong>Hay muchos mundos dentro de este mundo. \u00c9ste en particular te va a interesar.<\/strong><\/p>\n<p>[\/et_pb_text][\/et_pb_column][et_pb_column type=\u00bb1_3&#8243; _builder_version=\u00bb3.25&#8243; custom_padding=\u00bb|||\u00bb custom_padding__hover=\u00bb|||\u00bb][et_pb_image src=\u00bbhttp:\/\/www.esperanto.es\/fel\/wp-content\/uploads\/2020\/03\/descarga-e1584962405722.jpg\u00bb align=\u00bbcenter\u00bb _builder_version=\u00bb4.4.1&#8243; custom_margin=\u00bb41px||||false|false\u00bb][\/et_pb_image][et_pb_text _builder_version=\u00bb4.4.1&#8243; custom_padding=\u00bb1px|||||\u00bb]<\/p>\n<h3 style=\"text-align: justify;\"><\/h3>\n<h3 style=\"text-align: center;\"><strong>Comentarios de texto<\/strong><\/h3>\n<p style=\"text-align: justify;\"><strong>La abundante literatura en Esperanto merece ser le\u00edda y comentada.<\/strong><\/p>\n<p>[\/et_pb_text][et_pb_image src=\u00bbhttp:\/\/www.esperanto.es\/fel\/wp-content\/uploads\/2020\/03\/mundo-repleto.jpg\u00bb align=\u00bbcenter\u00bb _builder_version=\u00bb4.4.1&#8243; module_alignment=\u00bbcenter\u00bb height=\u00bb1000px\u00bb max_height=\u00bb172px\u00bb][\/et_pb_image][et_pb_text _builder_version=\u00bb4.4.1&#8243; text_font=\u00bbGabriela||||||||\u00bb custom_padding=\u00bb0px||||false|false\u00bb]<\/p>\n<h3 style=\"text-align: center;\"><strong>Asom\u00e1ndonos al mundo<\/strong><\/h3>\n<p style=\"text-align: justify;\"><strong>Conectaremos en directo con grupos de esperantistas de todo el planeta y charlaremos con ellos en Esperanto.<\/strong><\/p>\n<p>[\/et_pb_text][\/et_pb_column][\/et_pb_row][\/et_pb_section]<\/p>\n<div style='text-align:center' class='yasr-auto-insert-visitor'><\/div>","protected":false},"excerpt":{"rendered":"<p>[et_pb_section fb_built=\u00bb1&#8243; fullwidth=\u00bbon\u00bb _builder_version=\u00bb4.4.1&#8243; background_image=\u00bbhttp:\/\/www.esperanto.es\/fel\/wp-content\/uploads\/2020\/03\/nodos-de-comunicaci\u00f3n.jpg\u00bb parallax=\u00bbon\u00bb][et_pb_fullwidth_header title=\u00bbESPERANTO\u00bb subhead=\u00bbhagamos f\u00e1cil la comunicaci\u00f3n internacional\u00bb text_orientation=\u00bbcenter\u00bb _builder_version=\u00bb4.4.1&#8243; title_text_align=\u00bbcenter\u00bb title_font_size=\u00bb54px\u00bb subhead_text_align=\u00bbcenter\u00bb background_enable_color=\u00bboff\u00bb min_height=\u00bb473px\u00bb custom_padding=\u00bb176px||||false|false\u00bb][\/et_pb_fullwidth_header][\/et_pb_section][et_pb_section fb_built=\u00bb1&#8243; custom_padding_last_edited=\u00bbon|desktop\u00bb admin_label=\u00bbHeader\u00bb _builder_version=\u00bb3.22&#8243; background_image=\u00bbhttp:\/\/www.esperanto.es\/fel\/wp-content\/uploads\/2019\/01\/Imagen-Cabecera.png\u00bb background_size=\u00bbcontain\u00bb background_position=\u00bbtop_right\u00bb custom_margin=\u00bb-1px|||||\u00bb custom_padding=\u00bb0px||0||false|false\u00bb custom_padding_tablet=\u00bb140px|0px|50px|0px|false|false\u00bb custom_padding_phone=\u00bb120px|||\u00bb][et_pb_row _builder_version=\u00bb4.4.1&#8243; width=\u00bb28%\u00bb width_tablet=\u00bb\u00bb width_phone=\u00bb43%\u00bb width_last_edited=\u00bbon|phone\u00bb max_width_tablet=\u00bb\u00bb max_width_phone=\u00bb\u00bb max_width_last_edited=\u00bbon|phone\u00bb height_tablet=\u00bb\u00bb height_phone=\u00bb\u00bb height_last_edited=\u00bbon|phone\u00bb custom_margin=\u00bb|||129px|false|false\u00bb][et_pb_column type=\u00bb4_4&#8243; _builder_version=\u00bb4.4.1&#8243;][et_pb_image src=\u00bbhttp:\/\/www.esperanto.es\/fel\/wp-content\/uploads\/2020\/05\/colash-banderas.jpg\u00bb _builder_version=\u00bb4.4.1&#8243;][\/et_pb_image][\/et_pb_column][\/et_pb_row][et_pb_row column_structure=\u00bb1_2,1_2&#8243; _builder_version=\u00bb4.4.1&#8243; width_tablet=\u00bb\u00bb width_phone=\u00bb\u00bb width_last_edited=\u00bbon|phone\u00bb max_width=\u00bb2661px\u00bb use_custom_width=\u00bbon\u00bb custom_width_px=\u00bb2600px\u00bb][et_pb_column [&hellip;]<\/p>\n","protected":false},"author":1,"featured_media":0,"parent":0,"menu_order":0,"comment_status":"closed","ping_status":"closed","template":"","meta":{"_et_pb_use_builder":"on","_et_pb_old_content":"","_et_gb_content_width":"","yasr_overall_rating":0,"yasr_post_is_review":"","yasr_auto_insert_disabled":"","yasr_review_type":"","footnotes":""},"yasr_visitor_votes":{"stars_attributes":{"read_only":false,"span_bottom":false},"number_of_votes":0,"sum_votes":0},"_links":{"self":[{"href":"https:\/\/fel.esperanto.es\/index.php?rest_route=\/wp\/v2\/pages\/139"}],"collection":[{"href":"https:\/\/fel.esperanto.es\/index.php?rest_route=\/wp\/v2\/pages"}],"about":[{"href":"https:\/\/fel.esperanto.es\/index.php?rest_route=\/wp\/v2\/types\/page"}],"author":[{"embeddable":true,"href":"https:\/\/fel.esperanto.es\/index.php?rest_route=\/wp\/v2\/users\/1"}],"replies":[{"embeddable":true,"href":"https:\/\/fel.esperanto.es\/index.php?rest_route=%2Fwp%2Fv2%2Fcomments&post=139"}],"version-history":[{"count":113,"href":"https:\/\/fel.esperanto.es\/index.php?rest_route=\/wp\/v2\/pages\/139\/revisions"}],"predecessor-version":[{"id":5851,"href":"https:\/\/fel.esperanto.es\/index.php?rest_route=\/wp\/v2\/pages\/139\/revisions\/5851"}],"wp:attachment":[{"href":"https:\/\/fel.esperanto.es\/index.php?rest_route=%2Fwp%2Fv2%2Fmedia&parent=139"}],"curies":[{"name":"wp","href":"https:\/\/api.w.org\/{rel}","templated":true}]}}