{"id":1138,"date":"2020-03-27T13:28:13","date_gmt":"2020-03-27T12:28:13","guid":{"rendered":"http:\/\/www.esperanto.es\/fel\/?page_id=1138"},"modified":"2020-05-27T09:55:00","modified_gmt":"2020-05-27T07:55:00","slug":"esperanto","status":"publish","type":"page","link":"https:\/\/fel.esperanto.es\/?page_id=1138","title":{"rendered":"\u00bfEsperanto?"},"content":{"rendered":"<p>[et_pb_section fb_built=\u00bb1&#8243; _builder_version=\u00bb4.4.1&#8243; height=\u00bb1197px\u00bb custom_padding=\u00bb5px||4px|||\u00bb hover_enabled=\u00bb0&#8243; overflow-y_tablet=\u00bbauto\u00bb overflow-y_phone=\u00bbauto\u00bb overflow-y_last_edited=\u00bbon|phone\u00bb disabled_on=\u00bboff|on|off\u00bb][et_pb_row column_structure=\u00bb2_3,1_3&#8243; _builder_version=\u00bb4.4.1&#8243; custom_padding=\u00bb||3px|||\u00bb][et_pb_column type=\u00bb2_3&#8243; _builder_version=\u00bb4.4.1&#8243;][et_pb_text _builder_version=\u00bb4.4.1&#8243; text_font=\u00bbGabriela||||||||\u00bb width=\u00bb55%\u00bb module_alignment=\u00bbcenter\u00bb custom_margin=\u00bb35px||||false|false\u00bb]<\/p>\n<h3 style=\"text-align: justify;\">Tanto s\u00ed es la primera vez que tomas contacto con la palabra \u00abEsperanto\u00bb, o si ya la hab\u00edas o\u00eddo pero no tienes muy claro de qu\u00e9 va, esta pesta\u00f1a te ser\u00e1 de utilidad.<\/h3>\n<p>[\/et_pb_text][\/et_pb_column][et_pb_column type=\u00bb1_3&#8243; _builder_version=\u00bb4.4.1&#8243;][et_pb_image src=\u00bbhttp:\/\/www.esperanto.es\/fel\/wp-content\/uploads\/2020\/03\/duda.png\u00bb _builder_version=\u00bb4.4.1&#8243;][\/et_pb_image][\/et_pb_column][\/et_pb_row][et_pb_row _builder_version=\u00bb4.4.1&#8243;][et_pb_column type=\u00bb4_4&#8243; _builder_version=\u00bb4.4.1&#8243;][et_pb_text _builder_version=\u00bb4.4.1&#8243; text_font=\u00bbGabriela||||||||\u00bb text_orientation=\u00bbcenter\u00bb]<\/p>\n<h2>De momento, unos pocos conceptos para situarnos&#8230;<\/h2>\n<p>[\/et_pb_text][\/et_pb_column][\/et_pb_row][et_pb_row column_structure=\u00bb1_2,1_2&#8243; _builder_version=\u00bb4.4.1&#8243;][et_pb_column type=\u00bb1_2&#8243; _builder_version=\u00bb4.4.1&#8243;][et_pb_text _builder_version=\u00bb4.4.1&#8243; text_font=\u00bbGabriela||||||||\u00bb text_text_color=\u00bb#e02b20&#8243; text_font_size=\u00bb35px\u00bb text_text_shadow_style=\u00bbpreset2&#8243;]<\/p>\n<p style=\"text-align: center;\">NO ES&#8230;<\/p>\n<p>[\/et_pb_text][\/et_pb_column][et_pb_column type=\u00bb1_2&#8243; _builder_version=\u00bb4.4.1&#8243;][et_pb_text _builder_version=\u00bb4.4.1&#8243; text_font=\u00bbGabriela||||||||\u00bb text_text_color=\u00bb#7cda24&#8243; text_font_size=\u00bb35px\u00bb text_text_shadow_style=\u00bbpreset2&#8243;]<\/p>\n<p style=\"text-align: center;\">S\u00cd ES&#8230;<\/p>\n<p>[\/et_pb_text][\/et_pb_column][\/et_pb_row][et_pb_row column_structure=\u00bb1_2,1_2&#8243; _builder_version=\u00bb4.4.1&#8243;][et_pb_column type=\u00bb1_2&#8243; _builder_version=\u00bb4.4.1&#8243;][et_pb_blurb title=\u00bbuna lengua muerta\u00bb use_icon=\u00bbon\u00bb font_icon=\u00bb%%278%%\u00bb icon_color=\u00bb#e02b20&#8243; icon_placement=\u00bbleft\u00bb _builder_version=\u00bb4.4.1&#8243;]<\/p>\n<p>&#8230; ya desaparecida, no hablada m\u00e1s que por unos pocos frikis.<\/p>\n<p>[\/et_pb_blurb][\/et_pb_column][et_pb_column type=\u00bb1_2&#8243; _builder_version=\u00bb4.4.1&#8243;][et_pb_blurb title=\u00bbuna lengua viva\u00bb use_icon=\u00bbon\u00bb font_icon=\u00bb%%277%%\u00bb icon_color=\u00bb#7cda24&#8243; icon_placement=\u00bbleft\u00bb _builder_version=\u00bb4.4.1&#8243;]<\/p>\n<p style=\"text-align: justify;\">&#8230; empleada a diario por <strong>miles<\/strong> de personas como t\u00fa, repartidas por todo el planeta.<\/p>\n<p>[\/et_pb_blurb][\/et_pb_column][\/et_pb_row][et_pb_row column_structure=\u00bb1_2,1_2&#8243; _builder_version=\u00bb4.4.1&#8243;][et_pb_column type=\u00bb1_2&#8243; _builder_version=\u00bb4.4.1&#8243;][et_pb_blurb title=\u00bbuna proyecto inacabado\u00bb use_icon=\u00bbon\u00bb font_icon=\u00bb%%278%%\u00bb icon_color=\u00bb#e02b20&#8243; icon_placement=\u00bbleft\u00bb _builder_version=\u00bb4.4.1&#8243;]<\/p>\n<p style=\"text-align: justify;\">&#8230; de lengua planificada, es decir, un experimento de laboratorio.<\/p>\n<p>[\/et_pb_blurb][\/et_pb_column][et_pb_column type=\u00bb1_2&#8243; _builder_version=\u00bb4.4.1&#8243;][et_pb_blurb title=\u00bbuna lengua completa\u00bb use_icon=\u00bbon\u00bb font_icon=\u00bb%%277%%\u00bb icon_color=\u00bb#7cda24&#8243; icon_placement=\u00bbleft\u00bb _builder_version=\u00bb4.4.1&#8243;]<\/p>\n<p style=\"text-align: justify;\">&#8230; pero que, al igual que las lenguas nacionales, <strong>evoluciona<\/strong> adapt\u00e1ndose a las necesidades del mundo moderno.<\/p>\n<p>[\/et_pb_blurb][\/et_pb_column][\/et_pb_row][et_pb_row column_structure=\u00bb1_2,1_2&#8243; _builder_version=\u00bb4.4.1&#8243;][et_pb_column type=\u00bb1_2&#8243; _builder_version=\u00bb4.4.1&#8243;][et_pb_blurb title=\u00bbpropiedad de una cultura, ideolog\u00eda o naci\u00f3n\u00bb use_icon=\u00bbon\u00bb font_icon=\u00bb%%278%%\u00bb icon_color=\u00bb#e02b20&#8243; icon_placement=\u00bbleft\u00bb _builder_version=\u00bb4.4.1&#8243;]<\/p>\n<p>&#8230; con su forma particular de entender la vida.<\/p>\n<p>[\/et_pb_blurb][\/et_pb_column][et_pb_column type=\u00bb1_2&#8243; _builder_version=\u00bb4.4.1&#8243;][et_pb_blurb title=\u00bbpropiedad y derecho de la humanidad entera\u00bb use_icon=\u00bbon\u00bb font_icon=\u00bb%%277%%\u00bb icon_color=\u00bb#7cda24&#8243; icon_placement=\u00bbleft\u00bb _builder_version=\u00bb4.4.1&#8243;]<\/p>\n<p style=\"text-align: justify;\">&#8230; siendo un espacio <strong>neutral<\/strong> al que todos nos acercamos sin privilegios.<\/p>\n<p>[\/et_pb_blurb][\/et_pb_column][\/et_pb_row][et_pb_row column_structure=\u00bb1_2,1_2&#8243; _builder_version=\u00bb4.4.1&#8243;][et_pb_column type=\u00bb1_2&#8243; _builder_version=\u00bb4.4.1&#8243;][et_pb_blurb title=\u00bbsustituci\u00f3n de las lenguas existentes\u00bb use_icon=\u00bbon\u00bb font_icon=\u00bb%%278%%\u00bb icon_color=\u00bb#e02b20&#8243; icon_placement=\u00bbleft\u00bb _builder_version=\u00bb4.4.1&#8243;]<\/p>\n<p style=\"text-align: justify;\">&#8230; para que todos tengamos una s\u00f3la lengua \u00fanica, una s\u00f3la visi\u00f3n del mundo.<\/p>\n<p>[\/et_pb_blurb][\/et_pb_column][et_pb_column type=\u00bb1_2&#8243; _builder_version=\u00bb4.4.1&#8243;][et_pb_blurb title=\u00bbuna lengua AUXILIAR internacional\u00bb use_icon=\u00bbon\u00bb font_icon=\u00bb%%277%%\u00bb icon_color=\u00bb#7cda24&#8243; icon_placement=\u00bbleft\u00bb _builder_version=\u00bb4.4.1&#8243;]<\/p>\n<p style=\"text-align: justify;\">&#8230; ayudando a conservar las lenguas minoritarias. <strong>Cada uno con su lengua&#8230; \u00a1y el Esperanto para todos!<\/strong><\/p>\n<p>[\/et_pb_blurb][\/et_pb_column][\/et_pb_row][et_pb_row column_structure=\u00bb1_2,1_2&#8243; _builder_version=\u00bb4.4.1&#8243;][et_pb_column type=\u00bb1_2&#8243; _builder_version=\u00bb4.4.1&#8243;][et_pb_blurb title=\u00bbun juego ling\u00fc\u00edstico\u00bb use_icon=\u00bbon\u00bb font_icon=\u00bb%%278%%\u00bb icon_color=\u00bb#e02b20&#8243; icon_placement=\u00bbleft\u00bb _builder_version=\u00bb4.4.1&#8243;]<\/p>\n<p style=\"text-align: justify;\">&#8230; apto s\u00f3lo para \u00abconversaciones de ascensor\u00bb o para hablar del tiempo.<\/p>\n<p>[\/et_pb_blurb][\/et_pb_column][et_pb_column type=\u00bb1_2&#8243; _builder_version=\u00bb4.4.1&#8243;][et_pb_blurb title=\u00bbun idioma potente y rico en matices\u00bb use_icon=\u00bbon\u00bb font_icon=\u00bb%%277%%\u00bb icon_color=\u00bb#7cda24&#8243; icon_placement=\u00bbleft\u00bb _builder_version=\u00bb4.4.1&#8243;]<\/p>\n<p style=\"text-align: justify;\">&#8230; fresco en la charla diaria, expresivo en literatura y poes\u00eda y preciso en el \u00e1mbito cient\u00edfico.<\/p>\n<p>[\/et_pb_blurb][\/et_pb_column][\/et_pb_row][et_pb_row column_structure=\u00bb1_2,1_2&#8243; _builder_version=\u00bb4.4.1&#8243;][et_pb_column type=\u00bb1_2&#8243; _builder_version=\u00bb4.4.1&#8243;][et_pb_blurb title=\u00bbdif\u00edcil de aprender\u00bb use_icon=\u00bbon\u00bb font_icon=\u00bb%%278%%\u00bb icon_color=\u00bb#e02b20&#8243; icon_placement=\u00bbleft\u00bb _builder_version=\u00bb4.4.1&#8243;]<\/p>\n<p style=\"text-align: justify;\">&#8230; como ya sabemos que ocurre con los idiomas nacionales, repletos de modismos e irregularidades caprichosas.<\/p>\n<p>[\/et_pb_blurb][\/et_pb_column][et_pb_column type=\u00bb1_2&#8243; _builder_version=\u00bb4.4.1&#8243;][et_pb_blurb title=\u00bbmucho m\u00e1s f\u00e1cil que cualquier otro idioma\u00bb use_icon=\u00bbon\u00bb font_icon=\u00bb%%277%%\u00bb icon_color=\u00bb#7cda24&#8243; icon_placement=\u00bbleft\u00bb _builder_version=\u00bb4.4.1&#8243;]<\/p>\n<p style=\"text-align: justify;\">&#8230; debido a su regularidad, l\u00f3gica y vocabulario optimizado.<\/p>\n<p>[\/et_pb_blurb][\/et_pb_column][\/et_pb_row][\/et_pb_section]<\/p>\n<div style='text-align:center' class='yasr-auto-insert-visitor'><\/div>","protected":false},"excerpt":{"rendered":"<p>[et_pb_section fb_built=\u00bb1&#8243; _builder_version=\u00bb4.4.1&#8243; height=\u00bb1197px\u00bb custom_padding=\u00bb5px||4px|||\u00bb hover_enabled=\u00bb0&#8243; overflow-y_tablet=\u00bbauto\u00bb overflow-y_phone=\u00bbauto\u00bb overflow-y_last_edited=\u00bbon|phone\u00bb disabled_on=\u00bboff|on|off\u00bb][et_pb_row column_structure=\u00bb2_3,1_3&#8243; _builder_version=\u00bb4.4.1&#8243; custom_padding=\u00bb||3px|||\u00bb][et_pb_column type=\u00bb2_3&#8243; _builder_version=\u00bb4.4.1&#8243;][et_pb_text _builder_version=\u00bb4.4.1&#8243; text_font=\u00bbGabriela||||||||\u00bb width=\u00bb55%\u00bb module_alignment=\u00bbcenter\u00bb custom_margin=\u00bb35px||||false|false\u00bb] Tanto s\u00ed es la primera vez que tomas contacto con la palabra \u00abEsperanto\u00bb, o si ya la hab\u00edas o\u00eddo pero no tienes muy claro de qu\u00e9 va, esta pesta\u00f1a te ser\u00e1 de utilidad. [\/et_pb_text][\/et_pb_column][et_pb_column type=\u00bb1_3&#8243; [&hellip;]<\/p>\n","protected":false},"author":1,"featured_media":0,"parent":0,"menu_order":0,"comment_status":"closed","ping_status":"closed","template":"","meta":{"_et_pb_use_builder":"on","_et_pb_old_content":"","_et_gb_content_width":"","yasr_overall_rating":0,"yasr_post_is_review":"","yasr_auto_insert_disabled":"","yasr_review_type":"","footnotes":""},"yasr_visitor_votes":{"stars_attributes":{"read_only":false,"span_bottom":false},"number_of_votes":0,"sum_votes":0},"_links":{"self":[{"href":"https:\/\/fel.esperanto.es\/index.php?rest_route=\/wp\/v2\/pages\/1138"}],"collection":[{"href":"https:\/\/fel.esperanto.es\/index.php?rest_route=\/wp\/v2\/pages"}],"about":[{"href":"https:\/\/fel.esperanto.es\/index.php?rest_route=\/wp\/v2\/types\/page"}],"author":[{"embeddable":true,"href":"https:\/\/fel.esperanto.es\/index.php?rest_route=\/wp\/v2\/users\/1"}],"replies":[{"embeddable":true,"href":"https:\/\/fel.esperanto.es\/index.php?rest_route=%2Fwp%2Fv2%2Fcomments&post=1138"}],"version-history":[{"count":40,"href":"https:\/\/fel.esperanto.es\/index.php?rest_route=\/wp\/v2\/pages\/1138\/revisions"}],"predecessor-version":[{"id":4904,"href":"https:\/\/fel.esperanto.es\/index.php?rest_route=\/wp\/v2\/pages\/1138\/revisions\/4904"}],"wp:attachment":[{"href":"https:\/\/fel.esperanto.es\/index.php?rest_route=%2Fwp%2Fv2%2Fmedia&parent=1138"}],"curies":[{"name":"wp","href":"https:\/\/api.w.org\/{rel}","templated":true}]}}